{"id":2251,"date":"2013-06-18T17:29:28","date_gmt":"2013-06-18T17:29:28","guid":{"rendered":"http:\/\/www.kriesi.at\/themes\/enfold\/?page_id=2251"},"modified":"2018-11-26T13:05:54","modified_gmt":"2018-11-26T13:05:54","slug":"home-v7-one-page-portfolio","status":"publish","type":"page","link":"https:\/\/waicom.eu\/new\/","title":{"rendered":"Inicio"},"content":{"rendered":"<div id='layer_slider_1' class='avia-layerslider main_color avia-shadow  container_wrap fullsize'    style='height: 471px;' ><\/div>\n<\/div><\/div><\/div><!-- close content main div --><\/div><\/div><div id='portfolio' class='avia-section alternate_color avia-section-large avia-shadow avia-bg-style-scroll  container_wrap fullsize'   ><div class='container' ><div class='template-page content  av-content-full alpha units'><div class='post-entry post-entry-type-page post-entry-2251'><div class='entry-content-wrapper clearfix'>\n<div class=\"flex_column av_one_full  flex_column_div first  \" ><section class=\"avia_codeblock_section avia_code_block_0\"  itemscope=\"itemscope\" itemtype=\"https:\/\/schema.org\/CreativeWork\" ><div class='avia_codeblock '  itemprop=\"text\" > [avia_codeblock_placeholder uid=\"0\"] <\/div><\/section><br \/>\n<section class=\"av_textblock_section\"  itemscope=\"itemscope\" itemtype=\"https:\/\/schema.org\/CreativeWork\" ><div class='avia_textblock '   itemprop=\"text\" ><h3 style=\"text-align: center;\">\u201cTe ayudamos a salvar la distancia\u00a0entre idiomas.\u00bb<\/h3>\n<h3 style=\"text-align: center;\">Bienvenidos! Nuestra web est\u00e1 en reconstrucci\u00f3n para mejorar sus contenidos y la calidad de la experiencia. Gracias por su comprensi\u00f3n.<\/h3>\n<\/div><\/section><br \/>\n<div class='avia-button-wrap avia-button-center '><a href='http:\/\/waicom.eu\/new\/CDE.pdf' class='avia-button  avia-icon_select-yes-left-icon avia-color-green avia-size-medium avia-position-center '  target=\"_blank\"   ><span class='avia_button_icon avia_button_icon_left ' aria-hidden='true' data-av_icon='\ue84d' data-av_iconfont='entypo-fontello'><\/span><span class='avia_iconbox_title' >C\u00f3digo Deontol\u00f3gico<\/span><\/a><\/div><br \/>\n<div style='height:30px' class='hr hr-invisible '><span class='hr-inner ' ><span class='hr-inner-style'><\/span><\/span><\/div><\/p><\/div><\/div><\/div><\/div><!-- close content main div --><\/div><\/div><div id='contact' class='avia-section main_color avia-section-large avia-no-shadow avia-bg-style-scroll  container_wrap fullsize'   ><div class='container' ><div class='template-page content  av-content-full alpha units'><div class='post-entry post-entry-type-page post-entry-2251'><div class='entry-content-wrapper clearfix'>\n<section class=\"avia_codeblock_section avia_code_block_1\"  itemscope=\"itemscope\" itemtype=\"https:\/\/schema.org\/CreativeWork\" ><div class='avia_codeblock '  itemprop=\"text\" > [avia_codeblock_placeholder uid=\"1\"] <\/div><\/section>\n<form action=\"https:\/\/waicom.eu\/new\/\" method=\"post\"  class=\"avia_ajax_form av-form-labels-visible   \" data-avia-form-id=\"1\" data-avia-redirect=''><fieldset><h3>Env\u00edanos un correo<\/h3><p class=' first_form  form_element form_element_half' id='element_avia_1_1'><label for=\"avia_1_1\">Nombre <abbr class=\"required\" title=\"required\">*<\/abbr><\/label> <input name=\"avia_1_1\" class=\"text_input is_empty\" type=\"text\" id=\"avia_1_1\" value=\"\" \/><\/p><p class=' form_element form_element_half' id='element_avia_2_1'><label for=\"avia_2_1\">E-Mail <abbr class=\"required\" title=\"required\">*<\/abbr><\/label> <input name=\"avia_2_1\" class=\"text_input is_email\" type=\"text\" id=\"avia_2_1\" value=\"\" \/><\/p><p class=' first_form  form_element form_fullwidth' id='element_avia_3_1'><label for=\"avia_3_1\">T\u00edtulo <abbr class=\"required\" title=\"required\">*<\/abbr><\/label> <input name=\"avia_3_1\" class=\"text_input is_empty\" type=\"text\" id=\"avia_3_1\" value=\"\" \/><\/p><p class=' first_form  form_element form_fullwidth' id='element_avia_4_1'>\t <label for=\"avia_4_1\" class=\"textare_label hidden textare_label_avia_4_1\">Mensaje <abbr class=\"required\" title=\"required\">*<\/abbr><\/label>\t <textarea  name=\"avia_4_1\" class=\"text_area is_empty\" cols=\"40\" rows=\"7\" id=\"avia_4_1\" ><\/textarea><\/p><p class=\"hidden\"><input type=\"text\" name=\"avia_5_1\" class=\"hidden \" id=\"avia_5_1\" value=\"\" \/><\/p><p class='' id='element_avia_6_1'>    <span class='value_verifier_label'>0 + 7 = ?<\/span>    <input name=\"avia_6_1_verifier\" type=\"hidden\" id=\"avia_6_1_verifier\" value=\"151728716\"\/><label for=\"avia_6_1\">Para mayor seguridad, responde la siguiente pregunta <abbr class=\"required\" title=\"required\">*<\/abbr><\/label>    <input name=\"avia_6_1\" class=\"text_input captcha\" type=\"text\" id=\"avia_6_1\" value=\"\"\/><\/p><p class=\"form_element \"><input type=\"hidden\" value=\"1\" name=\"avia_generated_form1\" \/><input type=\"submit\" value=\"Submit\" class=\"button\"  data-sending-label=\"Enviando\"\/><\/p><\/fieldset><\/form><div id=\"ajaxresponse_1\" class=\"ajaxresponse ajaxresponse_1 hidden\"><\/div>\n<\/p>\n<div style='height:30px' class='hr hr-invisible '><span class='hr-inner ' ><span class='hr-inner-style'><\/span><\/span><\/div>\n<div class=\"flex_column av_one_full  flex_column_div av-zero-column-padding first  \" style='border-radius:0px; '><p><section class=\"avia_codeblock_section avia_code_block_2\"  itemscope=\"itemscope\" itemtype=\"https:\/\/schema.org\/CreativeWork\" ><div class='avia_codeblock '  itemprop=\"text\" > [avia_codeblock_placeholder uid=\"2\"] <\/div><\/section><br \/>\n<div class='avia-image-container  av-styling-   avia-align-center '  itemscope=\"itemscope\" itemtype=\"https:\/\/schema.org\/ImageObject\"  ><div class='avia-image-container-inner'><a href='https:\/\/www.google.es\/maps\/place\/WAI+Comunicacion+SL\/@28.4836582' class='avia_image'   target=\"_blank\" ><img class='avia_image ' src='https:\/\/waicom.eu\/new\/wp-content\/uploads\/2013\/06\/googlewai.png' alt='' title='googlewai'  itemprop=\"contentURL\"  \/><\/a><\/div><\/div><\/p><\/div>\n<\/div><\/div><\/div><!-- close content main div --><\/div><\/div><div id='av_section_3' class='avia-section main_color avia-section-large avia-no-shadow avia-full-stretch avia-bg-style-fixed  container_wrap fullsize' style = 'background-repeat: no-repeat; background-image: url(https:\/\/waicom.eu\/new\/wp-content\/uploads\/2013\/06\/bluemonday.png); background-attachment: fixed; background-position: top left; ' data-section-bg-repeat='stretch' ><div class='container' ><div class='template-page content  av-content-full alpha units'><div class='post-entry post-entry-type-page post-entry-2251'><div class='entry-content-wrapper clearfix'>\n<div style='height:100px' class='hr hr-invisible '><span class='hr-inner ' ><span class='hr-inner-style'><\/span><\/span><\/div>\n\n<\/div><\/div><\/div><!-- close content main div --><\/div><\/div><div id='about-us' class='avia-section alternate_color avia-section-large avia-shadow avia-bg-style-scroll  container_wrap fullsize'   ><div class='container' ><div class='template-page content  av-content-full alpha units'><div class='post-entry post-entry-type-page post-entry-2251'><div class='entry-content-wrapper clearfix'>\n<section class=\"avia_codeblock_section avia_code_block_3\"  itemscope=\"itemscope\" itemtype=\"https:\/\/schema.org\/CreativeWork\" ><div class='avia_codeblock '  itemprop=\"text\" > [avia_codeblock_placeholder uid=\"3\"] <\/div><\/section>\n<div class=\"flex_column av_one_half  flex_column_div first  \" ><section class=\"av_textblock_section\"  itemscope=\"itemscope\" itemtype=\"https:\/\/schema.org\/CreativeWork\" ><div class='avia_textblock '   itemprop=\"text\" ><h2 style=\"text-align: right;\">Nosotros<\/h2>\n<\/div><\/section><br \/>\n<div  class='hr hr-short hr-right '><span class='hr-inner ' ><span class='hr-inner-style'><\/span><\/span><\/div><br \/>\n<section class=\"av_textblock_section\"  itemscope=\"itemscope\" itemtype=\"https:\/\/schema.org\/CreativeWork\" ><div class='avia_textblock '   itemprop=\"text\" ><section class=\"av_textblock_section\">\n<div class=\"avia_textblock \">\n<p><em>WAI Traducciones<\/em> surge en 1999 con vocaci\u00f3n de servicio integral de traducci\u00f3n e interpretaci\u00f3n. Hemos desarrollado un sistema de trabajo que nos garantiza un altisimo nivel de calidad. En 15 a\u00f1os hemos depurado y mejorado nuestros servicios contando en la actualidad con una <strong>excelente red de<\/strong> <strong>profesionales<\/strong> escrupulosamente seleccionados para ofrecerle calidad, precisi\u00f3n y rapidez en los siguientes servicios:<\/p>\n<ul>\n<li>Traducci\u00f3n<\/li>\n<li>Interpretaci\u00f3n<\/li>\n<li>Internacionalizaci\u00f3n comercial<\/li>\n<li>Otros servicios ling\u00fc\u00edsticos<\/li>\n<\/ul>\n<\/div>\n<\/section>\n<\/div><\/section><br \/>\n<div  class='hr hr-short hr-right '><span class='hr-inner ' ><span class='hr-inner-style'><\/span><\/span><\/div><\/p><\/div><div class=\"flex_column av_one_half  flex_column_div av-zero-column-padding   \" style='border-radius:0px; '><div class='avia-icon-list-container '><ul class='avia-icon-list avia-icon-list-left avia_animate_when_almost_visible'>\n<li><div  class='iconlist_icon avia-font-entypo-fontello'><span class='iconlist-char' aria-hidden='true' data-av_icon='\ue856' data-av_iconfont='entypo-fontello'><\/span><\/div><article class=\"article-icon-entry \"  itemscope=\"itemscope\" itemtype=\"https:\/\/schema.org\/CreativeWork\" ><div class='iconlist_content_wrap'><header class=\"entry-content-header\"><h4 class='iconlist_title'  itemprop=\"headline\"  >Responsabilidad<\/h4><\/header><div class='iconlist_content '  itemprop=\"text\"  ><p>La traducci\u00f3n escrita y la interpretaci\u00f3n oral requieren una preparaci\u00f3n y unos conocimientos muy extensos. Los trabajos que se realizan obligan al profesional a tener contactos con m\u00faltiples personas y organizaciones y a acceder a informaci\u00f3n cuya circulaci\u00f3n podr\u00e1 ser m\u00e1s o menos restringida.<\/p>\n<\/div><\/div><footer class=\"entry-footer\"><\/footer><\/article><div class='iconlist-timeline'><\/div><\/li>\n<li><div  class='iconlist_icon avia-font-entypo-fontello'><span class='iconlist-char' aria-hidden='true' data-av_icon='\ue800' data-av_iconfont='entypo-fontello'><\/span><\/div><article class=\"article-icon-entry \"  itemscope=\"itemscope\" itemtype=\"https:\/\/schema.org\/CreativeWork\" ><div class='iconlist_content_wrap'><header class=\"entry-content-header\"><h4 class='iconlist_title'  itemprop=\"headline\"  >Calidad<\/h4><\/header><div class='iconlist_content '  itemprop=\"text\"  ><p>Todos nuestros traductores o int\u00e9rpretes que realicen un trabajo directa o indirectamente para WAI COMUNICACI\u00d3N, S.L. deber\u00e1n hacerlo con la m\u00e1xima calidad. La calidad del trabajo implica la capacidad del traductor para realizarlo, la calidad del contenido y la puntualidad con la que se hace.<\/p>\n<\/div><\/div><footer class=\"entry-footer\"><\/footer><\/article><div class='iconlist-timeline'><\/div><\/li>\n<li><div  class='iconlist_icon avia-font-entypo-fontello'><span class='iconlist-char' aria-hidden='true' data-av_icon='\ue8b4' data-av_iconfont='entypo-fontello'><\/span><\/div><article class=\"article-icon-entry \"  itemscope=\"itemscope\" itemtype=\"https:\/\/schema.org\/CreativeWork\" ><div class='iconlist_content_wrap'><header class=\"entry-content-header\"><h4 class='iconlist_title'  itemprop=\"headline\"  >Capacidad<\/h4><\/header><div class='iconlist_content '  itemprop=\"text\"  ><p>La capacidad para hacer un trabajo se evaluar\u00e1 en funci\u00f3n de los siguientes conceptos: conocimientos sobre el tema, medios para desarrollarlo y tiempo para cumplir los plazos requeridos.<\/p>\n<\/div><\/div><footer class=\"entry-footer\"><\/footer><\/article><div class='iconlist-timeline'><\/div><\/li>\n<li><div  class='iconlist_icon avia-font-entypo-fontello'><span class='iconlist-char' aria-hidden='true' data-av_icon='\ue82a' data-av_iconfont='entypo-fontello'><\/span><\/div><article class=\"article-icon-entry \"  itemscope=\"itemscope\" itemtype=\"https:\/\/schema.org\/CreativeWork\" ><div class='iconlist_content_wrap'><header class=\"entry-content-header\"><h4 class='iconlist_title'  itemprop=\"headline\"  >Lealtad<\/h4><\/header><div class='iconlist_content '  itemprop=\"text\"  ><p>La Lealtad es uno de los pilares b\u00e1sicos del trabajo profesional. Esta lealtad se deber\u00e1 mantener tanto hacia el cliente final como hacia los posibles intermediarios, inclusive WAI COMUNICACI\u00d3N, S.L. Las normas relativas a la Lealtad no prescriben.<\/p>\n<\/div><\/div><footer class=\"entry-footer\"><\/footer><\/article><div class='iconlist-timeline'><\/div><\/li>\n<\/ul><\/div><\/div>\n\n<\/div><\/div><\/div><!-- close content main div --><\/div><\/div><div id='testimonials' class='avia-section alternate_color avia-section-large avia-shadow avia-bg-style-scroll  container_wrap fullsize'   ><div class='container' ><div class='template-page content  av-content-full alpha units'><div class='post-entry post-entry-type-page post-entry-2251'><div class='entry-content-wrapper clearfix'>\n<section class=\"av_textblock_section\"  itemscope=\"itemscope\" itemtype=\"https:\/\/schema.org\/CreativeWork\" ><div class='avia_textblock '   itemprop=\"text\" ><h3 style=\"text-align: center;\">\u201cHaz que\u00a0el idioma sea tu\u00a0puente, no una barrera.\u201d<\/h3>\n<\/div><\/section>\n<div class='avia-image-container  av-styling-   avia-align-center '  itemscope=\"itemscope\" itemtype=\"https:\/\/schema.org\/ImageObject\"  ><div class='avia-image-container-inner'><img class='avia_image ' src='https:\/\/waicom.eu\/new\/wp-content\/uploads\/2013\/06\/bidirektionale-sprachen-netigate.jpg.scaled500.jpg' alt='' title='bidirektionale-sprachen-netigate-jpg-scaled500'   itemprop=\"contentURL\"  \/><\/div><\/div>\n<div  class='hr hr-short hr-center '><span class='hr-inner ' ><span class='hr-inner-style'><\/span><\/span><\/div>\n\n<\/div><\/div><\/div><!-- close content main div --><\/div><\/div><div id='av_section_6' class='avia-section main_color avia-section-default avia-no-shadow avia-bg-style-scroll  container_wrap fullsize'   ><div class='container' ><div class='template-page content  av-content-full alpha units'><div class='post-entry post-entry-type-page post-entry-2251'><div class='entry-content-wrapper clearfix'>\n<section class=\"avia_codeblock_section avia_code_block_4\"  itemscope=\"itemscope\" itemtype=\"https:\/\/schema.org\/CreativeWork\" ><div class='avia_codeblock '  itemprop=\"text\" > [avia_codeblock_placeholder uid=\"4\"] <\/div><\/section>\n<article class=\"iconbox iconbox_left  \"  itemscope=\"itemscope\" itemtype=\"https:\/\/schema.org\/CreativeWork\" ><div class=\"iconbox_content\"><header class=\"entry-content-header\"><div class=\"iconbox_icon heading-color\" aria-hidden='true' data-av_icon='\ue854' data-av_iconfont='entypo-fontello'  ><\/div><h3 class='iconbox_content_title'  itemprop=\"headline\"  >Servicio Integral de Traducci\u00f3n e Interpretaci\u00f3n<\/h3><\/header><div class='iconbox_content_container '  itemprop=\"text\"  ><h4>Ctra. Gral. del Norte, 319 \u2013 Plataforma \u2013 1\u00ba local dcha.<br \/>\n38340 \u2013 Los Naranjeros \u2013 Tacoronte<br \/>\nTenerife \u2013 Islas Canarias \u2013 Espa\u00f1a<br \/>\nP\u00f3ngase en contacto con nosotros para obtener m\u00e1s informaci\u00f3n acerca de nuestros servicios. Los profesionales de nuestro servicio de atenci\u00f3n al cliente le ayudar\u00e1n a encontrar aquello que necesite y dar\u00e1n m\u00e1s informaci\u00f3n.<br \/>\nNuestro equipo de atenci\u00f3n al cliente est\u00e1 disponible de 8:30 \u2013 18:30, de lunes a viernes.<\/h4>\n<h3>N\u00ba de tel\u00e9fono:[+34] 922 56 30 09<br \/>\n<span style=\"color: blue;\"><u><a href=\"mailto:info@waicom.com\">info@waicom.com<\/a><br \/>\n<a href=\"mailto:waicomunicacion@gmail.com\">waicomunicacion@gmail.com<\/a><\/u><\/span><\/h3>\n<\/div><\/div><footer class=\"entry-footer\"><\/footer><\/article>\n<div  data-autoplay='1'  data-interval='5'  data-animation='fade'  data-hoverpause='1'  class='avia-testimonial-wrapper avia-grid-testimonials avia-grid-2-testimonials avia_animate_when_almost_visible '>\n<section class ='avia-testimonial-row'><div class='avia-testimonial av_one_half flex_column no_margin avia-testimonial-row-1 avia-first-testimonial'  itemscope=\"itemscope\" itemtype=\"https:\/\/schema.org\/Person\" ><div class='avia-testimonial_inner'><div class='avia-testimonial-content '    itemscope=\"itemscope\" itemtype=\"https:\/\/schema.org\/CreativeWork\" ><h3>\u201cSi hablas a un hombre en una lengua que entiende, el mensaje llega a su cabeza. Si le hablas en su lengua, le llega a su coraz\u00f3n.\u201d<\/h3>\n<\/div><div class='avia-testimonial-meta'><div class='avia-testimonial-arrow-wrap'><div class='avia-arrow'><\/div><\/div><div class='avia-testimonial-meta-mini'><strong  class='avia-testimonial-name'    itemprop=\"name\" >Nelson Mandela<\/strong><\/div><\/div><\/div><\/div>\n<\/section><\/div>\n\n","protected":false},"excerpt":{"rendered":"","protected":false},"author":1,"featured_media":0,"parent":0,"menu_order":0,"comment_status":"open","ping_status":"open","template":"","meta":[],"_links":{"self":[{"href":"https:\/\/waicom.eu\/new\/index.php?rest_route=\/wp\/v2\/pages\/2251"}],"collection":[{"href":"https:\/\/waicom.eu\/new\/index.php?rest_route=\/wp\/v2\/pages"}],"about":[{"href":"https:\/\/waicom.eu\/new\/index.php?rest_route=\/wp\/v2\/types\/page"}],"author":[{"embeddable":true,"href":"https:\/\/waicom.eu\/new\/index.php?rest_route=\/wp\/v2\/users\/1"}],"replies":[{"embeddable":true,"href":"https:\/\/waicom.eu\/new\/index.php?rest_route=%2Fwp%2Fv2%2Fcomments&post=2251"}],"version-history":[{"count":46,"href":"https:\/\/waicom.eu\/new\/index.php?rest_route=\/wp\/v2\/pages\/2251\/revisions"}],"predecessor-version":[{"id":3516,"href":"https:\/\/waicom.eu\/new\/index.php?rest_route=\/wp\/v2\/pages\/2251\/revisions\/3516"}],"wp:attachment":[{"href":"https:\/\/waicom.eu\/new\/index.php?rest_route=%2Fwp%2Fv2%2Fmedia&parent=2251"}],"curies":[{"name":"wp","href":"https:\/\/api.w.org\/{rel}","templated":true}]}}