{"id":3346,"date":"2013-06-18T17:29:28","date_gmt":"2013-06-18T17:29:28","guid":{"rendered":"http:\/\/www.waicom.eu\/new\/?page_id=3346&#038;lang=de"},"modified":"2018-11-26T15:30:29","modified_gmt":"2018-11-26T15:30:29","slug":"home-v7-one-page-portfolio-2","status":"publish","type":"page","link":"https:\/\/waicom.eu\/new\/?page_id=3346&lang=de","title":{"rendered":"Inicio"},"content":{"rendered":"<div id='layer_slider_1' class='avia-layerslider main_color avia-shadow  container_wrap fullsize'    style='height: 471px;' ><\/div>\n<\/div><\/div><\/div><!-- close content main div --><\/div><\/div><div id='portfolio' class='avia-section alternate_color avia-section-large avia-shadow avia-bg-style-scroll  container_wrap fullsize'   ><div class='container' ><div class='template-page content  av-content-full alpha units'><div class='post-entry post-entry-type-page post-entry-3346'><div class='entry-content-wrapper clearfix'>\n<div class=\"flex_column av_one_full  flex_column_div first  \" ><section class=\"avia_codeblock_section avia_code_block_0\"  itemscope=\"itemscope\" itemtype=\"https:\/\/schema.org\/CreativeWork\" ><div class='avia_codeblock '  itemprop=\"text\" > [avia_codeblock_placeholder uid=\"0\"] <\/div><\/section><br \/>\n<section class=\"av_textblock_section\"  itemscope=\"itemscope\" itemtype=\"https:\/\/schema.org\/CreativeWork\" ><div class='avia_textblock '   itemprop=\"text\" ><h3 style=\"text-align: center;\">\u201cWir sind Ihre Sprachenbr\u00fccke\u201d<\/h3>\n<h3 style=\"text-align: center;\">Willkommen! Unsere Website wird gerade hinsichtlich Inhalt und Benutzerfreundlichkeit optimiert. Vielen Dank f\u00fcr Ihr Verst\u00e4ndnis!<\/h3>\n<\/div><\/section><br \/>\n<div class='avia-button-wrap avia-button-center '><a href='http:\/\/waicom.eu\/new\/CDA.pdf' class='avia-button  avia-icon_select-yes-left-icon avia-color-green avia-size-medium avia-position-center '  target=\"_blank\"   ><span class='avia_button_icon avia_button_icon_left ' aria-hidden='true' data-av_icon='\ue84d' data-av_iconfont='entypo-fontello'><\/span><span class='avia_iconbox_title' >Ehrenkodex<\/span><\/a><\/div><br \/>\n<div style='height:30px' class='hr hr-invisible '><span class='hr-inner ' ><span class='hr-inner-style'><\/span><\/span><\/div><\/p><\/div><\/div><\/div><\/div><!-- close content main div --><\/div><\/div><div id='contact' class='avia-section main_color avia-section-large avia-no-shadow avia-bg-style-scroll  container_wrap fullsize'   ><div class='container' ><div class='template-page content  av-content-full alpha units'><div class='post-entry post-entry-type-page post-entry-3346'><div class='entry-content-wrapper clearfix'>\n<section class=\"avia_codeblock_section avia_code_block_1\"  itemscope=\"itemscope\" itemtype=\"https:\/\/schema.org\/CreativeWork\" ><div class='avia_codeblock '  itemprop=\"text\" > [avia_codeblock_placeholder uid=\"1\"] <\/div><\/section>\n<form action=\"https:\/\/waicom.eu\/new\/?page_id=3346&lang=de\" method=\"post\"  class=\"avia_ajax_form av-form-labels-visible   \" data-avia-form-id=\"1\" data-avia-redirect=''><fieldset><h3>Senden Sie uns eine Mail<\/h3><p class=' first_form  form_element form_element_half' id='element_avia_1_1'><label for=\"avia_1_1\">Name <abbr class=\"required\" title=\"required\">*<\/abbr><\/label> <input name=\"avia_1_1\" class=\"text_input is_empty\" type=\"text\" id=\"avia_1_1\" value=\"\" \/><\/p><p class=' form_element form_element_half' id='element_avia_2_1'><label for=\"avia_2_1\">E-Mail <abbr class=\"required\" title=\"required\">*<\/abbr><\/label> <input name=\"avia_2_1\" class=\"text_input is_email\" type=\"text\" id=\"avia_2_1\" value=\"\" \/><\/p><p class=' first_form  form_element form_fullwidth' id='element_avia_3_1'><label for=\"avia_3_1\">Betreff <abbr class=\"required\" title=\"required\">*<\/abbr><\/label> <input name=\"avia_3_1\" class=\"text_input is_empty\" type=\"text\" id=\"avia_3_1\" value=\"\" \/><\/p><p class=' first_form  form_element form_fullwidth' id='element_avia_4_1'>\t <label for=\"avia_4_1\" class=\"textare_label hidden textare_label_avia_4_1\">Nachricht <abbr class=\"required\" title=\"required\">*<\/abbr><\/label>\t <textarea  name=\"avia_4_1\" class=\"text_area is_empty\" cols=\"40\" rows=\"7\" id=\"avia_4_1\" ><\/textarea><\/p><p class=\"hidden\"><input type=\"text\" name=\"avia_5_1\" class=\"hidden \" id=\"avia_5_1\" value=\"\" \/><\/p><p class='' id='element_avia_6_1'>    <span class='value_verifier_label'>0 + 2 = ?<\/span>    <input name=\"avia_6_1_verifier\" type=\"hidden\" id=\"avia_6_1_verifier\" value=\"667462475\"\/><label for=\"avia_6_1\">Para mayor seguridad, responde la siguiente pregunta <abbr class=\"required\" title=\"required\">*<\/abbr><\/label>    <input name=\"avia_6_1\" class=\"text_input captcha\" type=\"text\" id=\"avia_6_1\" value=\"\"\/><\/p><p class=\"form_element \"><input type=\"hidden\" value=\"1\" name=\"avia_generated_form1\" \/><input type=\"submit\" value=\"Senden\" class=\"button\"  data-sending-label=\"Enviando\"\/><\/p><\/fieldset><\/form><div id=\"ajaxresponse_1\" class=\"ajaxresponse ajaxresponse_1 hidden\"><\/div>\n<\/p>\n<div style='height:30px' class='hr hr-invisible '><span class='hr-inner ' ><span class='hr-inner-style'><\/span><\/span><\/div>\n<div class=\"flex_column av_one_full  flex_column_div av-zero-column-padding first  \" style='border-radius:0px; '><p><section class=\"avia_codeblock_section avia_code_block_2\"  itemscope=\"itemscope\" itemtype=\"https:\/\/schema.org\/CreativeWork\" ><div class='avia_codeblock '  itemprop=\"text\" > [avia_codeblock_placeholder uid=\"2\"] <\/div><\/section><br \/>\n<div class='avia-image-container  av-styling-   avia-align-center '  itemscope=\"itemscope\" itemtype=\"https:\/\/schema.org\/ImageObject\"  ><div class='avia-image-container-inner'><a href='https:\/\/www.google.es\/maps\/place\/WAI+Comunicacion+SL\/@28.4836582' class='avia_image'   target=\"_blank\" ><img class='avia_image ' src='https:\/\/waicom.eu\/new\/wp-content\/uploads\/2013\/06\/googlewai.png' alt='' title='googlewai'  itemprop=\"contentURL\"  \/><\/a><\/div><\/div><\/p><\/div>\n<\/div><\/div><\/div><!-- close content main div --><\/div><\/div><div id='av_section_3' class='avia-section main_color avia-section-large avia-no-shadow avia-full-stretch avia-bg-style-fixed  container_wrap fullsize' style = 'background-repeat: no-repeat; background-image: url(https:\/\/waicom.eu\/new\/wp-content\/uploads\/2013\/06\/bluemonday.png); background-attachment: fixed; background-position: top left; ' data-section-bg-repeat='stretch' ><div class='container' ><div class='template-page content  av-content-full alpha units'><div class='post-entry post-entry-type-page post-entry-3346'><div class='entry-content-wrapper clearfix'>\n<div style='height:100px' class='hr hr-invisible '><span class='hr-inner ' ><span class='hr-inner-style'><\/span><\/span><\/div>\n\n<\/div><\/div><\/div><!-- close content main div --><\/div><\/div><div id='about-us' class='avia-section alternate_color avia-section-large avia-shadow avia-bg-style-scroll  container_wrap fullsize'   ><div class='container' ><div class='template-page content  av-content-full alpha units'><div class='post-entry post-entry-type-page post-entry-3346'><div class='entry-content-wrapper clearfix'>\n<section class=\"avia_codeblock_section avia_code_block_3\"  itemscope=\"itemscope\" itemtype=\"https:\/\/schema.org\/CreativeWork\" ><div class='avia_codeblock '  itemprop=\"text\" > [avia_codeblock_placeholder uid=\"3\"] <\/div><\/section>\n<div class=\"flex_column av_one_half  flex_column_div first  \" ><section class=\"av_textblock_section\"  itemscope=\"itemscope\" itemtype=\"https:\/\/schema.org\/CreativeWork\" ><div class='avia_textblock '   itemprop=\"text\" ><h2 style=\"text-align: right;\">\u00dcber uns<\/h2>\n<\/div><\/section><br \/>\n<div  class='hr hr-short hr-right '><span class='hr-inner ' ><span class='hr-inner-style'><\/span><\/span><\/div><br \/>\n<section class=\"av_textblock_section\"  itemscope=\"itemscope\" itemtype=\"https:\/\/schema.org\/CreativeWork\" ><div class='avia_textblock '   itemprop=\"text\" ><section class=\"av_textblock_section\">\n<div class=\"avia_textblock \">\n<p>WAI Traducciones erbringt den Kunden seit 1999 ganzheitliche \u00dcbersetzungs- und Dolmetschdienstleistungen. Unsere Arbeitsweise garantiert Ihnen h\u00f6chste Qualit\u00e4t. In den letzten 15 Jahren haben wir das Spektrum unserer Dienste verfeinert und verbessert. Unser erstklassiges Netz\u00a0 professioneller und sorgf\u00e4ltig ausgew\u00e4hlter Fachleute bietet Ihnen Qualit\u00e4t, Genauigkeit und Schnelligkeit f\u00fcr folgende Dienstleistungen:<\/p>\n<ul>\n<li>\u00dcbersetzung<\/li>\n<li>Dolmetschen<\/li>\n<li>Internationale Gesch\u00e4ftsverbindungen<\/li>\n<li>Weitere Sprachdienstleistungen<\/li>\n<\/ul>\n<\/div>\n<\/section>\n<\/div><\/section><br \/>\n<div  class='hr hr-short hr-right '><span class='hr-inner ' ><span class='hr-inner-style'><\/span><\/span><\/div><\/p><\/div><div class=\"flex_column av_one_half  flex_column_div av-zero-column-padding   \" style='border-radius:0px; '><div class='avia-icon-list-container '><ul class='avia-icon-list avia-icon-list-left avia_animate_when_almost_visible'>\n<li><div  class='iconlist_icon avia-font-entypo-fontello'><span class='iconlist-char' aria-hidden='true' data-av_icon='\ue856' data-av_iconfont='entypo-fontello'><\/span><\/div><article class=\"article-icon-entry \"  itemscope=\"itemscope\" itemtype=\"https:\/\/schema.org\/CreativeWork\" ><div class='iconlist_content_wrap'><header class=\"entry-content-header\"><h4 class='iconlist_title'  itemprop=\"headline\"  >Pflichtgef\u00fchl<\/h4><\/header><div class='iconlist_content '  itemprop=\"text\"  ><p>\u00dcbersetzen und Dolmetschen erfordern eine gr\u00fcndliche Vorbereitung und umfassende Kenntnisse. Die Arbeit zwingt den \u00dcbersetzer\/Dolmetscher, mit zahlreichen Personen, Einrichtungen und Unternehmen in Kontakt zu stehen und \u00fcber Information zu verf\u00fcgen, deren Weiterleitung Beschr\u00e4nkungen unterliegen k\u00f6nnte.<\/p>\n<\/div><\/div><footer class=\"entry-footer\"><\/footer><\/article><div class='iconlist-timeline'><\/div><\/li>\n<li><div  class='iconlist_icon avia-font-entypo-fontello'><span class='iconlist-char' aria-hidden='true' data-av_icon='\ue800' data-av_iconfont='entypo-fontello'><\/span><\/div><article class=\"article-icon-entry \"  itemscope=\"itemscope\" itemtype=\"https:\/\/schema.org\/CreativeWork\" ><div class='iconlist_content_wrap'><header class=\"entry-content-header\"><h4 class='iconlist_title'  itemprop=\"headline\"  >Qualit\u00e4t<\/h4><\/header><div class='iconlist_content '  itemprop=\"text\"  ><p>Jeder \u00dcbersetzer oder Dolmetscher, der direkt oder indirekt f\u00fcr WAI COMUNICACI\u00d3N, S.L. arbeitet, muss dies mit h\u00f6chster Qualit\u00e4t tun, was die berufliche Qualifikation und eine termingerechte Abgabe mit sich zieht.<\/p>\n<\/div><\/div><footer class=\"entry-footer\"><\/footer><\/article><div class='iconlist-timeline'><\/div><\/li>\n<li><div  class='iconlist_icon avia-font-entypo-fontello'><span class='iconlist-char' aria-hidden='true' data-av_icon='\ue8b4' data-av_iconfont='entypo-fontello'><\/span><\/div><article class=\"article-icon-entry \"  itemscope=\"itemscope\" itemtype=\"https:\/\/schema.org\/CreativeWork\" ><div class='iconlist_content_wrap'><header class=\"entry-content-header\"><h4 class='iconlist_title'  itemprop=\"headline\"  >Berufliche Qualifikation<\/h4><\/header><div class='iconlist_content '  itemprop=\"text\"  ><p>Die Qualifikation f\u00fcr einen Auftrag beruht auf der Grundlage der Fachkenntnis, der Hilfsmittel und der Zeitspanne zur fristgerechten Abgabe.<\/p>\n<\/div><\/div><footer class=\"entry-footer\"><\/footer><\/article><div class='iconlist-timeline'><\/div><\/li>\n<li><div  class='iconlist_icon avia-font-entypo-fontello'><span class='iconlist-char' aria-hidden='true' data-av_icon='\ue82a' data-av_iconfont='entypo-fontello'><\/span><\/div><article class=\"article-icon-entry \"  itemscope=\"itemscope\" itemtype=\"https:\/\/schema.org\/CreativeWork\" ><div class='iconlist_content_wrap'><header class=\"entry-content-header\"><h4 class='iconlist_title'  itemprop=\"headline\"  >Treue<\/h4><\/header><div class='iconlist_content '  itemprop=\"text\"  ><p>Pflichttreue ist eine\u00a0 Grunds\u00e4ule der professionellen Leistung. Diese Treue muss sowohl gegen\u00fcber dem letztendlichen Auftraggeber, den Mittlern als auch WAI COMUNICACI\u00d3N, S.L. bewahrt werden. Die dementsprechenden Regelungen verj\u00e4hren nicht.<\/p>\n<\/div><\/div><footer class=\"entry-footer\"><\/footer><\/article><div class='iconlist-timeline'><\/div><\/li>\n<\/ul><\/div><\/div>\n\n<\/div><\/div><\/div><!-- close content main div --><\/div><\/div><div id='testimonials' class='avia-section alternate_color avia-section-large avia-shadow avia-bg-style-scroll  container_wrap fullsize'   ><div class='container' ><div class='template-page content  av-content-full alpha units'><div class='post-entry post-entry-type-page post-entry-3346'><div class='entry-content-wrapper clearfix'>\n<section class=\"av_textblock_section\"  itemscope=\"itemscope\" itemtype=\"https:\/\/schema.org\/CreativeWork\" ><div class='avia_textblock '   itemprop=\"text\" ><h3 style=\"text-align: center;\">\u201cSprachen sollen Br\u00fccken und nicht Grenzen bilden.\u201d<\/h3>\n<\/div><\/section>\n<div class='avia-image-container  av-styling-   avia-align-center '  itemscope=\"itemscope\" itemtype=\"https:\/\/schema.org\/ImageObject\"  ><div class='avia-image-container-inner'><img class='avia_image ' src='https:\/\/waicom.eu\/new\/wp-content\/uploads\/2013\/06\/bidirektionale-sprachen-netigate.jpg.scaled500.jpg' alt='' title='bidirektionale-sprachen-netigate-jpg-scaled500'   itemprop=\"contentURL\"  \/><\/div><\/div>\n<div  class='hr hr-short hr-center '><span class='hr-inner ' ><span class='hr-inner-style'><\/span><\/span><\/div>\n\n<\/div><\/div><\/div><!-- close content main div --><\/div><\/div><div id='av_section_6' class='avia-section main_color avia-section-default avia-no-shadow avia-bg-style-scroll  container_wrap fullsize'   ><div class='container' ><div class='template-page content  av-content-full alpha units'><div class='post-entry post-entry-type-page post-entry-3346'><div class='entry-content-wrapper clearfix'>\n<section class=\"avia_codeblock_section avia_code_block_4\"  itemscope=\"itemscope\" itemtype=\"https:\/\/schema.org\/CreativeWork\" ><div class='avia_codeblock '  itemprop=\"text\" > [avia_codeblock_placeholder uid=\"4\"] <\/div><\/section>\n<article class=\"iconbox iconbox_left  \"  itemscope=\"itemscope\" itemtype=\"https:\/\/schema.org\/CreativeWork\" ><div class=\"iconbox_content\"><header class=\"entry-content-header\"><div class=\"iconbox_icon heading-color\" aria-hidden='true' data-av_icon='\ue80c' data-av_iconfont='entypo-fontello'  ><\/div><h3 class='iconbox_content_title'  itemprop=\"headline\"  >\u00dcbersetzungs- und Dolmetscheragentur<\/h3><\/header><div class='iconbox_content_container '  itemprop=\"text\"  ><h4>Ctra. Gral. del Norte, 319 \u2013 Plataforma \u2013 1\u00ba local dcha.<br \/>\n38340 \u2013 Los Naranjeros \u2013 Tacoronte<br \/>\nTeneriffa\u2013 Kanarische Inseln \u2013 Spanien<br \/>\nF\u00fcr mehr Information \u00fcber unsere Dienstleistungen setzen Sie sich mit uns in Kontakt. Unser Kundendienst ber\u00e4t und informiert Sie gerne \u00fcber die ben\u00f6tigten Dienstleistungen.<br \/>\n\u00d6ffnungszeiten: Mo-Fr, von 08.30 h &#8211; 16.30 h<\/h4>\n<h3>Telefon: [+34] 922 56 30 09<br \/>\n<span style=\"color: blue;\"><u><a href=\"mailto:info@waicom.com\">info@waicom.com<\/a><br \/>\n<a href=\"mailto:waicomunicacion@gmail.com\">waicomunicacion@gmail.com<\/a><\/u><\/span><\/h3>\n<\/div><\/div><footer class=\"entry-footer\"><\/footer><\/article>\n<div  data-autoplay='1'  data-interval='5'  data-animation='fade'  data-hoverpause='1'  class='avia-testimonial-wrapper avia-grid-testimonials avia-grid-2-testimonials avia_animate_when_almost_visible '>\n<section class ='avia-testimonial-row'><div class='avia-testimonial av_one_half flex_column no_margin avia-testimonial-row-1 avia-first-testimonial'  itemscope=\"itemscope\" itemtype=\"https:\/\/schema.org\/Person\" ><div class='avia-testimonial_inner'><div class='avia-testimonial-content '    itemscope=\"itemscope\" itemtype=\"https:\/\/schema.org\/CreativeWork\" ><h3>\u201cWorte in einer Sprache, die man versteht, erreichen den Verstand. Worte in der Muttersprache erreichen das Herz.\u201d<\/h3>\n<\/div><div class='avia-testimonial-meta'><div class='avia-testimonial-arrow-wrap'><div class='avia-arrow'><\/div><\/div><div class='avia-testimonial-meta-mini'><strong  class='avia-testimonial-name'    itemprop=\"name\" >Nelson Mandela<\/strong><\/div><\/div><\/div><\/div>\n<\/section><\/div>\n\n","protected":false},"excerpt":{"rendered":"","protected":false},"author":1,"featured_media":0,"parent":0,"menu_order":0,"comment_status":"open","ping_status":"open","template":"","meta":[],"_links":{"self":[{"href":"https:\/\/waicom.eu\/new\/index.php?rest_route=\/wp\/v2\/pages\/3346"}],"collection":[{"href":"https:\/\/waicom.eu\/new\/index.php?rest_route=\/wp\/v2\/pages"}],"about":[{"href":"https:\/\/waicom.eu\/new\/index.php?rest_route=\/wp\/v2\/types\/page"}],"author":[{"embeddable":true,"href":"https:\/\/waicom.eu\/new\/index.php?rest_route=\/wp\/v2\/users\/1"}],"replies":[{"embeddable":true,"href":"https:\/\/waicom.eu\/new\/index.php?rest_route=%2Fwp%2Fv2%2Fcomments&post=3346"}],"version-history":[{"count":15,"href":"https:\/\/waicom.eu\/new\/index.php?rest_route=\/wp\/v2\/pages\/3346\/revisions"}],"predecessor-version":[{"id":3521,"href":"https:\/\/waicom.eu\/new\/index.php?rest_route=\/wp\/v2\/pages\/3346\/revisions\/3521"}],"wp:attachment":[{"href":"https:\/\/waicom.eu\/new\/index.php?rest_route=%2Fwp%2Fv2%2Fmedia&parent=3346"}],"curies":[{"name":"wp","href":"https:\/\/api.w.org\/{rel}","templated":true}]}}