{"id":3345,"date":"2013-06-18T17:29:28","date_gmt":"2013-06-18T17:29:28","guid":{"rendered":"http:\/\/www.waicom.eu\/new\/?page_id=3345&#038;lang=fr"},"modified":"2018-11-26T15:31:17","modified_gmt":"2018-11-26T15:31:17","slug":"home-v7-one-page-portfolio-2","status":"publish","type":"page","link":"https:\/\/waicom.eu\/new\/?page_id=3345&lang=fr","title":{"rendered":"Inicio"},"content":{"rendered":"<div id='layer_slider_1' class='avia-layerslider main_color avia-shadow  container_wrap fullsize'    style='height: 471px;' ><\/div>\n<\/div><\/div><\/div><!-- close content main div --><\/div><\/div><div id='portfolio' class='avia-section alternate_color avia-section-large avia-shadow avia-bg-style-scroll  container_wrap fullsize'   ><div class='container' ><div class='template-page content  av-content-full alpha units'><div class='post-entry post-entry-type-page post-entry-3345'><div class='entry-content-wrapper clearfix'>\n<div class=\"flex_column av_one_full  flex_column_div first  \" ><section class=\"avia_codeblock_section avia_code_block_0\"  itemscope=\"itemscope\" itemtype=\"https:\/\/schema.org\/CreativeWork\" ><div class='avia_codeblock '  itemprop=\"text\" > [avia_codeblock_placeholder uid=\"0\"] <\/div><\/section><br \/>\n<section class=\"av_textblock_section\"  itemscope=\"itemscope\" itemtype=\"https:\/\/schema.org\/CreativeWork\" ><div class='avia_textblock '   itemprop=\"text\" ><h3 style=\"text-align: center;\">\u201cNous vous aidons \u00e0 r\u00e9duire les distances entre les langues\u201d<br \/>\nBienvenue ! Notre site internet est en cours de refonte afin d&#8217;am\u00e9liorer son contenu et la qualit\u00e9 de l&#8217;exp\u00e9rience. Merci pour votre compr\u00e9hension.<\/h3>\n<\/div><\/section><br \/>\n<div class='avia-button-wrap avia-button-center '><a href='http:\/\/waicom.eu\/new\/CDF.pdf' class='avia-button  avia-icon_select-yes-left-icon avia-color-green avia-size-medium avia-position-center '  target=\"_blank\"   ><span class='avia_button_icon avia_button_icon_left ' aria-hidden='true' data-av_icon='\ue84d' data-av_iconfont='entypo-fontello'><\/span><span class='avia_iconbox_title' >Code D\u00e9ontologique<\/span><\/a><\/div><br \/>\n<div style='height:30px' class='hr hr-invisible '><span class='hr-inner ' ><span class='hr-inner-style'><\/span><\/span><\/div><\/p><\/div><\/div><\/div><\/div><!-- close content main div --><\/div><\/div><div id='contact' class='avia-section main_color avia-section-large avia-no-shadow avia-bg-style-scroll  container_wrap fullsize'   ><div class='container' ><div class='template-page content  av-content-full alpha units'><div class='post-entry post-entry-type-page post-entry-3345'><div class='entry-content-wrapper clearfix'>\n<section class=\"avia_codeblock_section avia_code_block_1\"  itemscope=\"itemscope\" itemtype=\"https:\/\/schema.org\/CreativeWork\" ><div class='avia_codeblock '  itemprop=\"text\" > [avia_codeblock_placeholder uid=\"1\"] <\/div><\/section>\n<form action=\"https:\/\/waicom.eu\/new\/?page_id=3345&lang=fr\" method=\"post\"  class=\"avia_ajax_form av-form-labels-visible   \" data-avia-form-id=\"1\" data-avia-redirect=''><fieldset><h3>Nous \u00e9crire<\/h3><p class=' first_form  form_element form_element_half' id='element_avia_1_1'><label for=\"avia_1_1\">Nom <abbr class=\"required\" title=\"required\">*<\/abbr><\/label> <input name=\"avia_1_1\" class=\"text_input is_empty\" type=\"text\" id=\"avia_1_1\" value=\"\" \/><\/p><p class=' form_element form_element_half' id='element_avia_2_1'><label for=\"avia_2_1\">E-Mail <abbr class=\"required\" title=\"required\">*<\/abbr><\/label> <input name=\"avia_2_1\" class=\"text_input is_email\" type=\"text\" id=\"avia_2_1\" value=\"\" \/><\/p><p class=' first_form  form_element form_fullwidth' id='element_avia_3_1'><label for=\"avia_3_1\">Titre <abbr class=\"required\" title=\"required\">*<\/abbr><\/label> <input name=\"avia_3_1\" class=\"text_input is_empty\" type=\"text\" id=\"avia_3_1\" value=\"\" \/><\/p><p class=' first_form  form_element form_fullwidth' id='element_avia_4_1'>\t <label for=\"avia_4_1\" class=\"textare_label hidden textare_label_avia_4_1\">Message <abbr class=\"required\" title=\"required\">*<\/abbr><\/label>\t <textarea  name=\"avia_4_1\" class=\"text_area is_empty\" cols=\"40\" rows=\"7\" id=\"avia_4_1\" ><\/textarea><\/p><p class=\"hidden\"><input type=\"text\" name=\"avia_5_1\" class=\"hidden \" id=\"avia_5_1\" value=\"\" \/><\/p><p class='' id='element_avia_6_1'>    <span class='value_verifier_label'>1 + 0 = ?<\/span>    <input name=\"avia_6_1_verifier\" type=\"hidden\" id=\"avia_6_1_verifier\" value=\"776412864\"\/><label for=\"avia_6_1\">Para mayor seguridad, responde la siguiente pregunta <abbr class=\"required\" title=\"required\">*<\/abbr><\/label>    <input name=\"avia_6_1\" class=\"text_input captcha\" type=\"text\" id=\"avia_6_1\" value=\"\"\/><\/p><p class=\"form_element \"><input type=\"hidden\" value=\"1\" name=\"avia_generated_form1\" \/><input type=\"submit\" value=\"Envoyer\" class=\"button\"  data-sending-label=\"Enviando\"\/><\/p><\/fieldset><\/form><div id=\"ajaxresponse_1\" class=\"ajaxresponse ajaxresponse_1 hidden\"><\/div>\n<\/p>\n<div style='height:30px' class='hr hr-invisible '><span class='hr-inner ' ><span class='hr-inner-style'><\/span><\/span><\/div>\n<section class=\"avia_codeblock_section avia_code_block_2\"  itemscope=\"itemscope\" itemtype=\"https:\/\/schema.org\/CreativeWork\" ><div class='avia_codeblock '  itemprop=\"text\" > [avia_codeblock_placeholder uid=\"2\"] <\/div><\/section>\n<div class=\"flex_column av_one_full  flex_column_div av-zero-column-padding first  \" style='border-radius:0px; '><div class='avia-image-container  av-styling-   avia-align-center '  itemscope=\"itemscope\" itemtype=\"https:\/\/schema.org\/ImageObject\"  ><div class='avia-image-container-inner'><a href='https:\/\/www.google.es\/maps\/place\/WAI+Comunicacion+SL\/@28.4836582' class='avia_image'   target=\"_blank\" ><img class='avia_image ' src='https:\/\/waicom.eu\/new\/wp-content\/uploads\/2013\/06\/googlewai.png' alt='' title='googlewai'  itemprop=\"contentURL\"  \/><\/a><\/div><\/div><\/div>\n<\/div><\/div><\/div><!-- close content main div --><\/div><\/div><div id='av_section_3' class='avia-section main_color avia-section-large avia-no-shadow avia-full-stretch avia-bg-style-fixed  container_wrap fullsize' style = 'background-repeat: no-repeat; background-image: url(https:\/\/waicom.eu\/new\/wp-content\/uploads\/2013\/06\/bluemonday.png); background-attachment: fixed; background-position: top left; ' data-section-bg-repeat='stretch' ><div class='container' ><div class='template-page content  av-content-full alpha units'><div class='post-entry post-entry-type-page post-entry-3345'><div class='entry-content-wrapper clearfix'>\n<div style='height:100px' class='hr hr-invisible '><span class='hr-inner ' ><span class='hr-inner-style'><\/span><\/span><\/div>\n\n<\/div><\/div><\/div><!-- close content main div --><\/div><\/div><div id='about-us' class='avia-section alternate_color avia-section-large avia-shadow avia-bg-style-scroll  container_wrap fullsize'   ><div class='container' ><div class='template-page content  av-content-full alpha units'><div class='post-entry post-entry-type-page post-entry-3345'><div class='entry-content-wrapper clearfix'>\n<section class=\"avia_codeblock_section avia_code_block_3\"  itemscope=\"itemscope\" itemtype=\"https:\/\/schema.org\/CreativeWork\" ><div class='avia_codeblock '  itemprop=\"text\" > [avia_codeblock_placeholder uid=\"3\"] <\/div><\/section>\n<div class=\"flex_column av_one_half  flex_column_div first  \" ><section class=\"av_textblock_section\"  itemscope=\"itemscope\" itemtype=\"https:\/\/schema.org\/CreativeWork\" ><div class='avia_textblock '   itemprop=\"text\" ><h2 style=\"text-align: right;\">\u00c0 propos de nous<\/h2>\n<\/div><\/section><br \/>\n<div  class='hr hr-short hr-right '><span class='hr-inner ' ><span class='hr-inner-style'><\/span><\/span><\/div><br \/>\n<section class=\"av_textblock_section\"  itemscope=\"itemscope\" itemtype=\"https:\/\/schema.org\/CreativeWork\" ><div class='avia_textblock '   itemprop=\"text\" ><section class=\"av_textblock_section\">\n<div class=\"avia_textblock \">\n<p><em>Wai Traducciones<\/em> a \u00e9t\u00e9 cr\u00e9\u00e9e en 1999 dans le but d&#8217;offrir des services complets de traduction et interpr\u00e9tation. Nous avons d\u00e9velopp\u00e9 un syst\u00e8me de travail garantissant une qualit\u00e9 irr\u00e9prochable. Au cours des 15 derni\u00e8res ann\u00e9es, nous avons form\u00e9 notre \u00e9quipe et perfectionn\u00e9 nos services. Nous disposons \u00e0 l\u2019heure actuelle d&#8217;un <strong>excellent r\u00e9seau de professionnels<\/strong> soigneusement s\u00e9lectionn\u00e9s afin de vous offrir qualit\u00e9, pr\u00e9cision et rapidit\u00e9 dans les services suivants :<\/p>\n<ul>\n<li>Traduction<\/li>\n<li>Interpr\u00e9tation<\/li>\n<li>Internationalisation commerciale<\/li>\n<li>Autres services linguistiques<\/li>\n<\/ul>\n<\/div>\n<\/section>\n<\/div><\/section><br \/>\n<div  class='hr hr-short hr-right '><span class='hr-inner ' ><span class='hr-inner-style'><\/span><\/span><\/div><\/p><\/div><div class=\"flex_column av_one_half  flex_column_div av-zero-column-padding   \" style='border-radius:0px; '><div class='avia-icon-list-container '><ul class='avia-icon-list avia-icon-list-left avia_animate_when_almost_visible'>\n<li><div  class='iconlist_icon avia-font-entypo-fontello'><span class='iconlist-char' aria-hidden='true' data-av_icon='\ue856' data-av_iconfont='entypo-fontello'><\/span><\/div><article class=\"article-icon-entry \"  itemscope=\"itemscope\" itemtype=\"https:\/\/schema.org\/CreativeWork\" ><div class='iconlist_content_wrap'><header class=\"entry-content-header\"><h4 class='iconlist_title'  itemprop=\"headline\"  >Responsabilit\u00e9<\/h4><\/header><div class='iconlist_content '  itemprop=\"text\"  ><p>La traduction \u00e9crite et l&#8217;interpr\u00e9tation orale n\u00e9cessitent une pr\u00e9paration et de tr\u00e8s vastes connaissances. Les travaux r\u00e9alis\u00e9s obligent le professionnel \u00e0 avoir des contacts avec de nombreuses personnes et organisations et \u00e0 acc\u00e9der \u00e0 des informations dont la diffusion peut \u00eatre plus ou moins limit\u00e9e.<\/p>\n<\/div><\/div><footer class=\"entry-footer\"><\/footer><\/article><div class='iconlist-timeline'><\/div><\/li>\n<li><div  class='iconlist_icon avia-font-entypo-fontello'><span class='iconlist-char' aria-hidden='true' data-av_icon='\ue800' data-av_iconfont='entypo-fontello'><\/span><\/div><article class=\"article-icon-entry \"  itemscope=\"itemscope\" itemtype=\"https:\/\/schema.org\/CreativeWork\" ><div class='iconlist_content_wrap'><header class=\"entry-content-header\"><h4 class='iconlist_title'  itemprop=\"headline\"  >Qualit\u00e9<\/h4><\/header><div class='iconlist_content '  itemprop=\"text\"  ><p>Tous nos traducteurs ou interpr\u00e8tes travaillant directement ou indirectement pour WAI COMUNICACI\u00d3N, S.L. doivent garantir une qualit\u00e9 irr\u00e9prochable. La qualit\u00e9 du travail implique la capacit\u00e9 du traducteur \u00e0 l&#8217;effectuer, la qualit\u00e9 du contenu et le respect des d\u00e9lais fix\u00e9s.<\/p>\n<\/div><\/div><footer class=\"entry-footer\"><\/footer><\/article><div class='iconlist-timeline'><\/div><\/li>\n<li><div  class='iconlist_icon avia-font-entypo-fontello'><span class='iconlist-char' aria-hidden='true' data-av_icon='\ue8b4' data-av_iconfont='entypo-fontello'><\/span><\/div><article class=\"article-icon-entry \"  itemscope=\"itemscope\" itemtype=\"https:\/\/schema.org\/CreativeWork\" ><div class='iconlist_content_wrap'><header class=\"entry-content-header\"><h4 class='iconlist_title'  itemprop=\"headline\"  >Capacit\u00e9<\/h4><\/header><div class='iconlist_content '  itemprop=\"text\"  ><p>La capacit\u00e9 \u00e0 r\u00e9aliser un travail est \u00e9valu\u00e9e en fonction des concepts suivants : connaissances sur le sujet, moyens pour r\u00e9aliser le travail et disponibilit\u00e9 pour respecter les d\u00e9lais \u00e9tablis.<\/p>\n<\/div><\/div><footer class=\"entry-footer\"><\/footer><\/article><div class='iconlist-timeline'><\/div><\/li>\n<li><div  class='iconlist_icon avia-font-entypo-fontello'><span class='iconlist-char' aria-hidden='true' data-av_icon='\ue82a' data-av_iconfont='entypo-fontello'><\/span><\/div><article class=\"article-icon-entry \"  itemscope=\"itemscope\" itemtype=\"https:\/\/schema.org\/CreativeWork\" ><div class='iconlist_content_wrap'><header class=\"entry-content-header\"><h4 class='iconlist_title'  itemprop=\"headline\"  >Confidentialit\u00e9<\/h4><\/header><div class='iconlist_content '  itemprop=\"text\"  ><p>La confidentialit\u00e9 est l&#8217;un des piliers du travail professionnel. Nos \u00e9quipes doivent respecter le caract\u00e8re confidentiel des informations qui leur sont confi\u00e9es, vis-\u00e0-vis des clients finaux et des \u00e9ventuels interm\u00e9diaires, y compris envers WAI COMUNICACI\u00d3N, S.L. Les normes relatives \u00e0 la confidentialit\u00e9 demeurent toujours en vigueur.<\/p>\n<\/div><\/div><footer class=\"entry-footer\"><\/footer><\/article><div class='iconlist-timeline'><\/div><\/li>\n<\/ul><\/div><\/div>\n\n<\/div><\/div><\/div><!-- close content main div --><\/div><\/div><div id='testimonials' class='avia-section alternate_color avia-section-large avia-shadow avia-bg-style-scroll  container_wrap fullsize'   ><div class='container' ><div class='template-page content  av-content-full alpha units'><div class='post-entry post-entry-type-page post-entry-3345'><div class='entry-content-wrapper clearfix'>\n<section class=\"av_textblock_section\"  itemscope=\"itemscope\" itemtype=\"https:\/\/schema.org\/CreativeWork\" ><div class='avia_textblock '   itemprop=\"text\" ><h3 style=\"text-align: center;\">\u201c\u00c9liminez la barri\u00e8re de la langue.\u201d<\/h3>\n<\/div><\/section>\n<div class='avia-image-container  av-styling-   avia-align-center '  itemscope=\"itemscope\" itemtype=\"https:\/\/schema.org\/ImageObject\"  ><div class='avia-image-container-inner'><img class='avia_image ' src='https:\/\/waicom.eu\/new\/wp-content\/uploads\/2013\/06\/bidirektionale-sprachen-netigate.jpg.scaled500.jpg' alt='' title='bidirektionale-sprachen-netigate-jpg-scaled500'   itemprop=\"contentURL\"  \/><\/div><\/div>\n<div  class='hr hr-short hr-center '><span class='hr-inner ' ><span class='hr-inner-style'><\/span><\/span><\/div>\n\n<\/div><\/div><\/div><!-- close content main div --><\/div><\/div><div id='av_section_6' class='avia-section main_color avia-section-default avia-no-shadow avia-bg-style-scroll  container_wrap fullsize'   ><div class='container' ><div class='template-page content  av-content-full alpha units'><div class='post-entry post-entry-type-page post-entry-3345'><div class='entry-content-wrapper clearfix'>\n<section class=\"avia_codeblock_section avia_code_block_4\"  itemscope=\"itemscope\" itemtype=\"https:\/\/schema.org\/CreativeWork\" ><div class='avia_codeblock '  itemprop=\"text\" > [avia_codeblock_placeholder uid=\"4\"] <\/div><\/section>\n<article class=\"iconbox iconbox_left  \"  itemscope=\"itemscope\" itemtype=\"https:\/\/schema.org\/CreativeWork\" ><div class=\"iconbox_content\"><header class=\"entry-content-header\"><div class=\"iconbox_icon heading-color\" aria-hidden='true' data-av_icon='\ue854' data-av_iconfont='entypo-fontello'  ><\/div><h3 class='iconbox_content_title'  itemprop=\"headline\"  >Service complet de traduction et interpr\u00e9tation<\/h3><\/header><div class='iconbox_content_container '  itemprop=\"text\"  ><h4>Ctra. Gral. del Norte, 319 \u2013 Plataforma \u2013 1\u00ba local dcha.<br \/>\n38340 \u2013 Los Naranjeros \u2013 Tacoronte<br \/>\nTenerife \u2013 \u00celes Canaries \u2013 Espagne<br \/>\nN&#8217;h\u00e9sitez pas \u00e0 nous contacter pour obtenir plus d&#8217;informations sur nos produits et services. Les professionnels de notre service client\u00e8le trouveront les solutions \u00e0 vos besoins et vous fourniront plus d&#8217;informations.<br \/>\nNotre service client\u00e8le est disponible de 8h30 \u00e0 18h30, du lundi au vendredi.<\/h4>\n<h3>T\u00e9l.: [+34] 922 56 30 09<br \/>\n<span style=\"color: blue;\"><u><a href=\"mailto:info@waicom.com\">info@waicom.com<\/a><br \/>\n<a href=\"mailto:waicomunicacion@gmail.com\">waicomunicacion@gmail.com<\/a><\/u><\/span><\/h3>\n<\/div><\/div><footer class=\"entry-footer\"><\/footer><\/article>\n<div  data-autoplay='1'  data-interval='5'  data-animation='fade'  data-hoverpause='1'  class='avia-testimonial-wrapper avia-grid-testimonials avia-grid-2-testimonials avia_animate_when_almost_visible '>\n<section class ='avia-testimonial-row'><div class='avia-testimonial av_one_half flex_column no_margin avia-testimonial-row-1 avia-first-testimonial'  itemscope=\"itemscope\" itemtype=\"https:\/\/schema.org\/Person\" ><div class='avia-testimonial_inner'><div class='avia-testimonial-content '    itemscope=\"itemscope\" itemtype=\"https:\/\/schema.org\/CreativeWork\" ><h3>\u201cParler \u00e0 quelqu\u2019un dans une langue qu\u2019il comprend, c\u2019est toucher son cerveau, mais lui parler dans sa langue maternelle, c\u2019est le toucher au c\u0153ur.\u201d<\/h3>\n<\/div><div class='avia-testimonial-meta'><div class='avia-testimonial-arrow-wrap'><div class='avia-arrow'><\/div><\/div><div class='avia-testimonial-meta-mini'><strong  class='avia-testimonial-name'    itemprop=\"name\" >Nelson Mandela<\/strong><\/div><\/div><\/div><\/div>\n<\/section><\/div>\n\n","protected":false},"excerpt":{"rendered":"","protected":false},"author":1,"featured_media":0,"parent":0,"menu_order":0,"comment_status":"open","ping_status":"open","template":"","meta":[],"_links":{"self":[{"href":"https:\/\/waicom.eu\/new\/index.php?rest_route=\/wp\/v2\/pages\/3345"}],"collection":[{"href":"https:\/\/waicom.eu\/new\/index.php?rest_route=\/wp\/v2\/pages"}],"about":[{"href":"https:\/\/waicom.eu\/new\/index.php?rest_route=\/wp\/v2\/types\/page"}],"author":[{"embeddable":true,"href":"https:\/\/waicom.eu\/new\/index.php?rest_route=\/wp\/v2\/users\/1"}],"replies":[{"embeddable":true,"href":"https:\/\/waicom.eu\/new\/index.php?rest_route=%2Fwp%2Fv2%2Fcomments&post=3345"}],"version-history":[{"count":12,"href":"https:\/\/waicom.eu\/new\/index.php?rest_route=\/wp\/v2\/pages\/3345\/revisions"}],"predecessor-version":[{"id":3522,"href":"https:\/\/waicom.eu\/new\/index.php?rest_route=\/wp\/v2\/pages\/3345\/revisions\/3522"}],"wp:attachment":[{"href":"https:\/\/waicom.eu\/new\/index.php?rest_route=%2Fwp%2Fv2%2Fmedia&parent=3345"}],"curies":[{"name":"wp","href":"https:\/\/api.w.org\/{rel}","templated":true}]}}